{"id":10409,"date":"2024-12-11T09:01:52","date_gmt":"2024-12-11T09:01:52","guid":{"rendered":"https:\/\/wikihausa.com.ng\/littattafai\/?post_type=product&#038;p=10409"},"modified":"2025-01-16T10:38:11","modified_gmt":"2025-01-16T10:38:11","slug":"sauro-halittar-allah-mai-ban-alajabi","status":"publish","type":"product","link":"https:\/\/wikihausa.com.ng\/littattafai\/product\/sauro-halittar-allah-mai-ban-alajabi\/","title":{"rendered":"Sauro Halittar Allah Mai Ban Al&#8217;ajabi"},"content":{"rendered":"<p>Allah (Subhanahu wata&#8217;ala) yace:<\/p>\n<p>( \u0625\u0650\u0646\u0651\u064e \u0627\u0644\u0644\u0651\u064e\u0647\u064e \u0644\u064e\u0627 \u064a\u064e\u0633\u0652\u062a\u064e\u062d\u0652\u064a\u0650\u064a \u0623\u064e\u0646 \u064a\u064e\u0636\u0652\u0631\u0650\u0628\u064e \u0645\u064e\u062b\u064e\u0644\u064b\u0627 \u0645\u0651\u064e\u0627 \u0628\u064e\u0639\u064f\u0648\u0636\u064e\u0629\u064b \u0641\u064e\u0645\u064e\u0627 \u0641\u064e\u0648\u0652\u0642\u064e\u0647\u064e\u0627 \u06da \u0641\u064e\u0623\u064e\u0645\u0651\u064e\u0627 \u0627\u0644\u0651\u064e\u0630\u0650\u064a\u0646\u064e \u0622\u0645\u064e\u0646\u064f\u0648\u0627 \u0641\u064e\u064a\u064e\u0639\u0652\u0644\u064e\u0645\u064f\u0648\u0646\u064e \u0623\u064e\u0646\u0651\u064e\u0647\u064f \u0627\u0644\u0652\u062d\u064e\u0642\u0651\u064f \u0645\u0650\u0646 \u0631\u0651\u064e\u0628\u0651\u0650\u0647\u0650\u0645\u0652 \u06d6 \u0648\u064e\u0623\u064e\u0645\u0651\u064e\u0627 \u0627\u0644\u0651\u064e\u0630\u0650\u064a\u0646\u064e \u0643\u064e\u0641\u064e\u0631\u064f\u0648\u0627 \u0641\u064e\u064a\u064e\u0642\u064f\u0648\u0644\u064f\u0648\u0646\u064e \u0645\u064e\u0627\u0630\u064e\u0627 \u0623\u064e\u0631\u064e\u0627\u062f\u064e \u0627\u0644\u0644\u0651\u064e\u0647\u064f \u0628\u0650\u0647\u064e\u0670\u0630\u064e\u0627 \u0645\u064e\u062b\u064e\u0644\u064b\u0627 \u06d8 \u064a\u064f\u0636\u0650\u0644\u0651\u064f \u0628\u0650\u0647\u0650 \u0643\u064e\u062b\u0650\u064a\u0631\u064b\u0627 \u0648\u064e\u064a\u064e\u0647\u0652\u062f\u0650\u064a \u0628\u0650\u0647\u0650 \u0643\u064e\u062b\u0650\u064a\u0631\u064b\u0627 \u06da \u0648\u064e\u0645\u064e\u0627 \u064a\u064f\u0636\u0650\u0644\u0651\u064f \u0628\u0650\u0647\u0650 \u0625\u0650\u0644\u0651\u064e\u0627 \u0627\u0644\u0652\u0641\u064e\u0627\u0633\u0650\u0642\u0650\u064a\u0646\u064e )<\/p>\n<p>\u0627\u0644\u0628\u0642\u0631\u0629 (26) Al-Baqara<\/p>\n<p>Lallai ne, Allah b\u00e3 Ya jin kunyar Ya bayyana wani mis\u00e3li, k\u00f5wane iri ne, sauro da abin da yake bisa gare shi. To, amma wa\u0257anda suka yi \u0129m\u00e3ni, sai su san cewa lallai shi ne gaskiya daga Ubangijin su, kuma amma wa\u0257anda suka k\u00e3firta, sai su ce: &#8220;M\u1ebdne ne Allah Ya yi nufi da wannan ya zama mis\u00e3li?&#8221; na \u0253atar da wasu m\u00e3su yawa da shi, kuma Yana shiryar da wasu m\u00e3su yawa da shi, kuma b\u00e3 Ya \u0253atarwa da shi f\u00e3ce fasi\u0199ai.<\/p>\n","protected":false},"excerpt":{"rendered":"<p>Lallai ne, Allah b\u00e3 Ya jin kunyar Ya bayyana wani mis\u00e3li, k\u00f5wane iri ne, sauro da abin da yake bisa gare shi. To, amma wa\u0257anda suka yi \u0129m\u00e3ni, sai su san cewa lallai shi ne gaskiya daga Ubangijin su, kuma amma wa\u0257anda suka k\u00e3firta<\/p>\n","protected":false},"featured_media":10411,"comment_status":"open","ping_status":"closed","template":"","meta":[],"product_cat":[121],"product_tag":[141,143,142],"class_list":{"0":"post-10409","1":"product","2":"type-product","3":"status-publish","4":"has-post-thumbnail","6":"product_cat-ilimin-rayuwa","7":"product_tag-alajabi","8":"product_tag-halittar-allah-mai-ban-alajabi","9":"product_tag-sauro-halittar-allah","11":"first","12":"instock","13":"sale","14":"downloadable","15":"shipping-taxable","16":"purchasable","17":"product-type-simple"},"_links":{"self":[{"href":"https:\/\/wikihausa.com.ng\/littattafai\/wp-json\/wp\/v2\/product\/10409","targetHints":{"allow":["GET"]}}],"collection":[{"href":"https:\/\/wikihausa.com.ng\/littattafai\/wp-json\/wp\/v2\/product"}],"about":[{"href":"https:\/\/wikihausa.com.ng\/littattafai\/wp-json\/wp\/v2\/types\/product"}],"replies":[{"embeddable":true,"href":"https:\/\/wikihausa.com.ng\/littattafai\/wp-json\/wp\/v2\/comments?post=10409"}],"wp:featuredmedia":[{"embeddable":true,"href":"https:\/\/wikihausa.com.ng\/littattafai\/wp-json\/wp\/v2\/media\/10411"}],"wp:attachment":[{"href":"https:\/\/wikihausa.com.ng\/littattafai\/wp-json\/wp\/v2\/media?parent=10409"}],"wp:term":[{"taxonomy":"product_cat","embeddable":true,"href":"https:\/\/wikihausa.com.ng\/littattafai\/wp-json\/wp\/v2\/product_cat?post=10409"},{"taxonomy":"product_tag","embeddable":true,"href":"https:\/\/wikihausa.com.ng\/littattafai\/wp-json\/wp\/v2\/product_tag?post=10409"}],"curies":[{"name":"wp","href":"https:\/\/api.w.org\/{rel}","templated":true}]}}